{"id":1204,"date":"2025-03-14T12:23:21","date_gmt":"2025-03-14T11:23:21","guid":{"rendered":"http:\/\/frankblauth.de\/?page_id=1204"},"modified":"2025-05-22T15:15:28","modified_gmt":"2025-05-22T13:15:28","slug":"verpackung","status":"publish","type":"page","link":"https:\/\/frankblauth.de\/?page_id=1204","title":{"rendered":"VERPACKUNG"},"content":{"rendered":"<p>[et_pb_section fb_built=&#8220;1&#8243; _builder_version=&#8220;4.27.4&#8243; _module_preset=&#8220;default&#8220; background_video_mp4=&#8220;https:\/\/frankblauth.de\/wp-content\/uploads\/2025\/02\/WEBSITE_FB_1920x1080_5mbit.mp4&#8243; min_height=&#8220;832px&#8220; max_height=&#8220;1000px&#8220; global_colors_info=&#8220;{}&#8220;][et_pb_row _builder_version=&#8220;4.27.4&#8243; _module_preset=&#8220;default&#8220; max_width=&#8220;1920px&#8220; custom_margin=&#8220;50px||||false|false&#8220; global_colors_info=&#8220;{}&#8220;][et_pb_column type=&#8220;4_4&#8243; _builder_version=&#8220;4.27.4&#8243; _module_preset=&#8220;default&#8220; global_colors_info=&#8220;{}&#8220;][et_pb_text content_tablet=&#8220;<\/p>\n<p>GEMEINSAM GROSSE IDEEN ENTWICKELN<\/p>\n<p>&#8220; content_phone=&#8220;<\/p>\n<p>GEMEINSAM GROSSE IDEEN ENTWICKELN<\/p>\n<p>&#8220; content_last_edited=&#8220;on|tablet&#8220; _builder_version=&#8220;4.27.4&#8243; _module_preset=&#8220;default&#8220; text_font=&#8220;Anton||||||||&#8220; text_text_color=&#8220;#FFFFFF&#8220; text_font_size=&#8220;100px&#8220; text_line_height=&#8220;1.2em&#8220; header_font=&#8220;Anton||||||||&#8220; header_font_size=&#8220;100px&#8220; text_orientation=&#8220;center&#8220; width=&#8220;100%&#8220; module_alignment=&#8220;center&#8220; custom_margin=&#8220;0px||||false|false&#8220; custom_padding=&#8220;|||0px||&#8220; text_font_size_tablet=&#8220;100px&#8220; text_font_size_phone=&#8220;69px&#8220; text_font_size_last_edited=&#8220;on|desktop&#8220; header_font_size_tablet=&#8220;100px&#8220; header_font_size_phone=&#8220;100px&#8220; header_font_size_last_edited=&#8220;on|desktop&#8220; global_colors_info=&#8220;{}&#8220;]<\/p>\n<p>GEMEINSAM GROSSE IDEEN ENTWICKELN<\/p>\n<p>[\/et_pb_text][\/et_pb_column][\/et_pb_row][\/et_pb_section][et_pb_section fb_built=&#8220;1&#8243; _builder_version=&#8220;4.27.4&#8243; _module_preset=&#8220;default&#8220; background_color=&#8220;#000000&#8243; custom_margin=&#8220;||||false|false&#8220; custom_padding=&#8220;9px|||||&#8220; global_colors_info=&#8220;{}&#8220;][et_pb_row _builder_version=&#8220;4.27.4&#8243; _module_preset=&#8220;default&#8220; custom_margin=&#8220;|auto|4px|auto||&#8220; scroll_fade_enable=&#8220;on&#8220; scroll_fade=&#8220;0|20|20|50|0|100|100&#8243; global_colors_info=&#8220;{}&#8220;][et_pb_column type=&#8220;4_4&#8243; _builder_version=&#8220;4.27.4&#8243; _module_preset=&#8220;default&#8220; global_colors_info=&#8220;{}&#8220;][et_pb_blurb title=&#8220;VERPACKUNGEN&#8220; image_icon_background_color=&#8220;#FFFFFF&#8220; title_tablet=&#8220;VERPACKUNG&#8220; title_phone=&#8220;VERPACKUNG&#8220; title_last_edited=&#8220;on|desktop&#8220; _builder_version=&#8220;4.27.4&#8243; _module_preset=&#8220;default&#8220; header_font=&#8220;Anton||||||||&#8220; header_text_align=&#8220;center&#8220; header_text_color=&#8220;#FFFFFF&#8220; header_font_size=&#8220;60px&#8220; header_letter_spacing=&#8220;5px&#8220; body_font=&#8220;PT Sans||||||||&#8220; body_text_align=&#8220;center&#8220; body_text_color=&#8220;#FFFFFF&#8220; global_colors_info=&#8220;{}&#8220;][\/et_pb_blurb][et_pb_text _builder_version=&#8220;4.27.4&#8243; _module_preset=&#8220;default&#8220; text_font=&#8220;Anton||||||||&#8220; text_text_color=&#8220;#FFFFFF&#8220; text_font_size=&#8220;26px&#8220; custom_margin=&#8220;-10px||||false|false&#8220; global_colors_info=&#8220;{}&#8220;]<\/p>\n<p style=\"text-align: center;\">die mehr k\u00f6nnen als nur einpacken<\/p>\n<p>[\/et_pb_text][et_pb_text _builder_version=&#8220;4.27.4&#8243; _module_preset=&#8220;default&#8220; text_text_color=&#8220;#FFFFFF&#8220; text_font_size=&#8220;20px&#8220; global_colors_info=&#8220;{}&#8220;]<\/p>\n<p style=\"text-align: center;\"><em>Meine Leidenschaft f\u00fcr Verpackungsdesign ist, das es mehr leistet als nur zu sch\u00fctzen. Ich gestalte Verpackungen, um Geschichten zu erz\u00e4hlen, Emotionen zu wecken und Markenidentit\u00e4t sichtbar zu machen.<\/em><\/p>\n<p style=\"text-align: center;\">Bereit f\u00fcr ein Design, das Ihre Marke zum Strahlen bringt?<br \/><em>Lassen Sie uns gemeinsam eine Verpackung entwickeln, die nicht nur sch\u00fctzt, sondern begeistert.<\/em><\/p>\n<p>[\/et_pb_text][\/et_pb_column][\/et_pb_row][\/et_pb_section][et_pb_section fb_built=&#8220;1&#8243; _builder_version=&#8220;4.27.4&#8243; _module_preset=&#8220;default&#8220; background_color=&#8220;#000000&#8243; min_height=&#8220;1926.5px&#8220; custom_margin=&#8220;-5px||-50px||false|false&#8220; custom_padding=&#8220;0px|||||&#8220; scroll_vertical_motion=&#8220;0|88|100|100|4|0|-4&#8243; motion_trigger_start=&#8220;top&#8220; locked=&#8220;off&#8220; global_colors_info=&#8220;{}&#8220;][et_pb_row column_structure=&#8220;1_2,1_2&#8243; _builder_version=&#8220;4.27.4&#8243; _module_preset=&#8220;default&#8220; min_height=&#8220;974.2px&#8220; custom_margin=&#8220;2px|auto||auto||&#8220; custom_padding=&#8220;20px|||||&#8220; scroll_vertical_motion=&#8220;0|36|91|100|4|0|-4&#8243; motion_trigger_start=&#8220;top&#8220; box_shadow_style=&#8220;preset1&#8243; box_shadow_color=&#8220;rgba(255,255,255,0.5)&#8220; global_colors_info=&#8220;{}&#8220;][et_pb_column type=&#8220;1_2&#8243; _builder_version=&#8220;4.27.4&#8243; _module_preset=&#8220;default&#8220; global_colors_info=&#8220;{}&#8220;][et_pb_image src=&#8220;https:\/\/frankblauth.de\/wp-content\/uploads\/2025\/04\/Switter_Dose_ApfelWacholder_ISO_V2_klein.png&#8220; title_text=&#8220;Switter_Dose_ApfelWacholder_ISO_V2_klein&#8220; align=&#8220;center&#8220; _builder_version=&#8220;4.27.4&#8243; _module_preset=&#8220;default&#8220; custom_margin=&#8220;||-30px||false|false&#8220; animation_style=&#8220;fade&#8220; scroll_fade_enable=&#8220;on&#8220; scroll_fade=&#8220;0|20|20|60|0|100|100&#8243; global_colors_info=&#8220;{}&#8220;][\/et_pb_image][et_pb_text _builder_version=&#8220;4.27.4&#8243; _module_preset=&#8220;default&#8220; text_font=&#8220;PT Sans||||||||&#8220; text_text_color=&#8220;#FFFFFF&#8220; text_font_size=&#8220;22px&#8220; text_orientation=&#8220;center&#8220; global_colors_info=&#8220;{}&#8220;]<\/p>\n<p>BECKERS BESTER &#8211; SWITTER &#8211; APFEL WACHOLDER<\/p>\n<p>[\/et_pb_text][et_pb_image src=&#8220;https:\/\/frankblauth.de\/wp-content\/uploads\/2025\/04\/Switter_Dose_ApfelGinger_ISO_V2_klein.png&#8220; title_text=&#8220;Switter_Dose_ApfelGinger_ISO_V2_klein&#8220; align=&#8220;center&#8220; _builder_version=&#8220;4.27.4&#8243; _module_preset=&#8220;default&#8220; custom_margin=&#8220;||-30px||false|false&#8220; animation_style=&#8220;fade&#8220; scroll_vertical_motion=&#8220;0|21|21|100|4|0|-4&#8243; scroll_fade_enable=&#8220;on&#8220; scroll_fade=&#8220;0|20|20|60|0|100|100&#8243; global_colors_info=&#8220;{}&#8220;][\/et_pb_image][et_pb_text _builder_version=&#8220;4.27.4&#8243; _module_preset=&#8220;default&#8220; text_font=&#8220;PT Sans||||||||&#8220; text_text_color=&#8220;#FFFFFF&#8220; text_font_size=&#8220;22px&#8220; text_orientation=&#8220;center&#8220; global_colors_info=&#8220;{}&#8220;]<\/p>\n<p>BECKERS BESTER &#8211; SWITTER &#8211; APFEL GINGER<\/p>\n<p>[\/et_pb_text][\/et_pb_column][et_pb_column type=&#8220;1_2&#8243; _builder_version=&#8220;4.27.4&#8243; _module_preset=&#8220;default&#8220; global_colors_info=&#8220;{}&#8220;][et_pb_image src=&#8220;https:\/\/frankblauth.de\/wp-content\/uploads\/2025\/04\/Switter_Dose_ApfelLemon_ISO_V2_klein.png&#8220; title_text=&#8220;Switter_Dose_ApfelLemon_ISO_V2_klein&#8220; align=&#8220;center&#8220; _builder_version=&#8220;4.27.4&#8243; _module_preset=&#8220;default&#8220; custom_margin=&#8220;||-30px||false|false&#8220; animation_style=&#8220;fade&#8220; scroll_vertical_motion=&#8220;0|26|26|50|4|0|-4&#8243; scroll_fade_enable=&#8220;on&#8220; scroll_fade=&#8220;0|20|20|60|0|100|100&#8243; motion_trigger_start=&#8220;bottom&#8220; global_colors_info=&#8220;{}&#8220;][\/et_pb_image][et_pb_text _builder_version=&#8220;4.27.4&#8243; _module_preset=&#8220;default&#8220; text_font=&#8220;PT Sans||||||||&#8220; text_text_color=&#8220;#FFFFFF&#8220; text_font_size=&#8220;22px&#8220; text_orientation=&#8220;center&#8220; global_colors_info=&#8220;{}&#8220;]<\/p>\n<p>BECKERS BESTER &#8211; SWITTER &#8211; APFEL LEMON<\/p>\n<p>[\/et_pb_text][\/et_pb_column][\/et_pb_row][et_pb_row column_structure=&#8220;1_2,1_2&#8243; _builder_version=&#8220;4.27.4&#8243; _module_preset=&#8220;default&#8220; min_height=&#8220;974.2px&#8220; custom_margin=&#8220;2px|auto||auto||&#8220; custom_padding=&#8220;20px|||||&#8220; scroll_vertical_motion=&#8220;0|36|91|100|4|0|-4&#8243; motion_trigger_start=&#8220;top&#8220; box_shadow_style=&#8220;preset1&#8243; box_shadow_color=&#8220;rgba(255,255,255,0.5)&#8220; global_colors_info=&#8220;{}&#8220;][et_pb_column type=&#8220;1_2&#8243; _builder_version=&#8220;4.27.4&#8243; _module_preset=&#8220;default&#8220; global_colors_info=&#8220;{}&#8220;][et_pb_image src=&#8220;https:\/\/frankblauth.de\/wp-content\/uploads\/2025\/05\/Flens_BrauArt_Blonde033_16_Tau_Gesamt_KLEIN.png&#8220; title_text=&#8220;Flens_BrauArt_Blonde033_16_Tau_Gesamt_KLEIN&#8220; align=&#8220;center&#8220; _builder_version=&#8220;4.27.4&#8243; _module_preset=&#8220;default&#8220; custom_margin=&#8220;||-30px||false|false&#8220; animation_style=&#8220;fade&#8220; scroll_vertical_motion=&#8220;0|21|21|100|4|0|-4&#8243; scroll_fade_enable=&#8220;on&#8220; scroll_fade=&#8220;0|20|20|60|0|100|100&#8243; global_colors_info=&#8220;{}&#8220;][\/et_pb_image][et_pb_text _builder_version=&#8220;4.27.4&#8243; _module_preset=&#8220;default&#8220; text_font=&#8220;PT Sans||||||||&#8220; text_text_color=&#8220;#FFFFFF&#8220; text_font_size=&#8220;22px&#8220; text_orientation=&#8220;center&#8220; global_colors_info=&#8220;{}&#8220;]<\/p>\n<p>FLENSBURGER BRAUEREI &#8211; BRAUART BLONDE<\/p>\n<p>[\/et_pb_text][et_pb_image src=&#8220;https:\/\/frankblauth.de\/wp-content\/uploads\/2025\/05\/BOeLKSTOFF_DOSE_72.png&#8220; title_text=&#8220;BO\u0308LKSTOFF_DOSE_72&#8243; align=&#8220;center&#8220; _builder_version=&#8220;4.27.4&#8243; _module_preset=&#8220;default&#8220; custom_margin=&#8220;||-30px||false|false&#8220; animation_style=&#8220;fade&#8220; scroll_vertical_motion=&#8220;0|21|21|100|4|0|-4&#8243; scroll_fade_enable=&#8220;on&#8220; scroll_fade=&#8220;0|20|20|60|0|100|100&#8243; hover_enabled=&#8220;0&#8243; global_colors_info=&#8220;{}&#8220; sticky_enabled=&#8220;0&#8243;][\/et_pb_image][et_pb_text admin_label=&#8220;Text&#8220; _builder_version=&#8220;4.27.4&#8243; _module_preset=&#8220;default&#8220; text_font=&#8220;PT Sans||||||||&#8220; text_text_color=&#8220;#FFFFFF&#8220; text_font_size=&#8220;22px&#8220; text_orientation=&#8220;center&#8220; hover_enabled=&#8220;0&#8243; global_colors_info=&#8220;{}&#8220; sticky_enabled=&#8220;0&#8243;]<\/p>\n<p>JUBIL\u00c4UMSBIER &#8211; WERNER &#8211; B\u00d6LKSTOFF<\/p>\n<p>[\/et_pb_text][\/et_pb_column][et_pb_column type=&#8220;1_2&#8243; _builder_version=&#8220;4.27.4&#8243; _module_preset=&#8220;default&#8220; global_colors_info=&#8220;{}&#8220;][et_pb_image src=&#8220;https:\/\/frankblauth.de\/wp-content\/uploads\/2025\/05\/Flens_Bierbrand_3-Jahre-Kopie.png&#8220; title_text=&#8220;Flens_Bierbrand_3-Jahre Kopie&#8220; align=&#8220;center&#8220; _builder_version=&#8220;4.27.4&#8243; _module_preset=&#8220;default&#8220; custom_margin=&#8220;||-30px||false|false&#8220; animation_style=&#8220;fade&#8220; scroll_vertical_motion=&#8220;0|21|21|100|4|0|-4&#8243; scroll_fade_enable=&#8220;on&#8220; scroll_fade=&#8220;0|20|20|60|0|100|100&#8243; global_colors_info=&#8220;{}&#8220;][\/et_pb_image][et_pb_text admin_label=&#8220;Text&#8220; _builder_version=&#8220;4.27.4&#8243; _module_preset=&#8220;default&#8220; text_font=&#8220;PT Sans||||||||&#8220; text_text_color=&#8220;#FFFFFF&#8220; text_font_size=&#8220;22px&#8220; text_orientation=&#8220;center&#8220; global_colors_info=&#8220;{}&#8220;]<\/p>\n<p>FLENSBURGER BRAUEREI &#8211; BIERBRAND<\/p>\n<p>[\/et_pb_text][et_pb_image src=&#8220;https:\/\/frankblauth.de\/wp-content\/uploads\/2025\/05\/Brauart_Blonde_Fourpack_033_Front_KLEIN.png&#8220; title_text=&#8220;Brauart_Blonde_Fourpack_033_Front_KLEIN&#8220; align=&#8220;center&#8220; _builder_version=&#8220;4.27.4&#8243; _module_preset=&#8220;default&#8220; custom_margin=&#8220;130px||30px||false|false&#8220; animation_style=&#8220;fade&#8220; scroll_vertical_motion=&#8220;0|21|21|100|4|0|-4&#8243; scroll_fade_enable=&#8220;on&#8220; scroll_fade=&#8220;0|20|20|60|0|100|100&#8243; hover_enabled=&#8220;0&#8243; global_colors_info=&#8220;{}&#8220; sticky_enabled=&#8220;0&#8243;][\/et_pb_image][et_pb_text admin_label=&#8220;Text&#8220; _builder_version=&#8220;4.27.4&#8243; _module_preset=&#8220;default&#8220; text_font=&#8220;PT Sans||||||||&#8220; text_text_color=&#8220;#FFFFFF&#8220; text_font_size=&#8220;22px&#8220; text_orientation=&#8220;center&#8220; hover_enabled=&#8220;0&#8243; global_colors_info=&#8220;{}&#8220; sticky_enabled=&#8220;0&#8243;]<\/p>\n<p>FLENSBURGER BRAUEREI &#8211; BRAUART BLONDE &#8211; FOURPACK<\/p>\n<p>[\/et_pb_text][\/et_pb_column][\/et_pb_row][et_pb_row _builder_version=&#8220;4.27.4&#8243; _module_preset=&#8220;default&#8220; background_color=&#8220;#000000&#8243; custom_margin=&#8220;50px||||false|false&#8220; custom_padding=&#8220;|30px|0px|30px|false|false&#8220; box_shadow_style=&#8220;preset1&#8243; box_shadow_color=&#8220;rgba(255,255,255,0.5)&#8220; global_colors_info=&#8220;{}&#8220;][et_pb_column type=&#8220;4_4&#8243; _builder_version=&#8220;4.27.4&#8243; _module_preset=&#8220;default&#8220; global_colors_info=&#8220;{}&#8220;][et_pb_image src=&#8220;https:\/\/frankblauth.de\/wp-content\/uploads\/2025\/04\/TTLIQUID_klein.jpg&#8220; title_text=&#8220;TTLIQUID_klein&#8220; force_fullwidth=&#8220;on&#8220; _builder_version=&#8220;4.27.4&#8243; _module_preset=&#8220;default&#8220; min_height=&#8220;236px&#8220; custom_margin=&#8220;0px||-100px||false|false&#8220; custom_padding=&#8220;0px||0px|0px|false|false&#8220; animation_style=&#8220;fade&#8220; scroll_fade_enable=&#8220;on&#8220; scroll_fade=&#8220;0|20|20|61|0|100|100&#8243; global_colors_info=&#8220;{}&#8220;][\/et_pb_image][et_pb_text _builder_version=&#8220;4.27.4&#8243; _module_preset=&#8220;default&#8220; text_font=&#8220;PT Sans||||||||&#8220; text_text_color=&#8220;#FFFFFF&#8220; text_font_size=&#8220;22px&#8220; custom_padding=&#8220;85px||31px|||&#8220; global_colors_info=&#8220;{}&#8220;]<\/p>\n<p style=\"text-align: center;\">TOM TAILOR &#8211; LIQUID &#8211; PARF\u00dcM<\/p>\n<p>[\/et_pb_text][\/et_pb_column][\/et_pb_row][et_pb_row _builder_version=&#8220;4.27.4&#8243; _module_preset=&#8220;default&#8220; background_color=&#8220;#000000&#8243; custom_margin=&#8220;50px||||false|false&#8220; custom_padding=&#8220;|30px|0px|30px|false|false&#8220; box_shadow_style=&#8220;preset1&#8243; box_shadow_color=&#8220;rgba(255,255,255,0.5)&#8220; global_colors_info=&#8220;{}&#8220;][et_pb_column type=&#8220;4_4&#8243; _builder_version=&#8220;4.27.4&#8243; _module_preset=&#8220;default&#8220; global_colors_info=&#8220;{}&#8220;][et_pb_image src=&#8220;https:\/\/frankblauth.de\/wp-content\/uploads\/2025\/04\/TT-for-her-klein.jpg&#8220; title_text=&#8220;TT for her klein&#8220; force_fullwidth=&#8220;on&#8220; _builder_version=&#8220;4.27.4&#8243; _module_preset=&#8220;default&#8220; min_height=&#8220;236px&#8220; custom_margin=&#8220;0px||-100px||false|false&#8220; custom_padding=&#8220;0px||0px|0px|false|false&#8220; animation_style=&#8220;fade&#8220; scroll_fade_enable=&#8220;on&#8220; scroll_fade=&#8220;0|20|20|60|0|100|100&#8243; global_colors_info=&#8220;{}&#8220;][\/et_pb_image][et_pb_text _builder_version=&#8220;4.27.4&#8243; _module_preset=&#8220;default&#8220; text_font=&#8220;PT Sans||||||||&#8220; text_text_color=&#8220;#FFFFFF&#8220; text_font_size=&#8220;22px&#8220; custom_padding=&#8220;85px||31px|||&#8220; global_colors_info=&#8220;{}&#8220;]<\/p>\n<p style=\"text-align: center;\">TOM TAILOR &#8211; FOR HER &#8211; PARF\u00dcM<\/p>\n<p>[\/et_pb_text][\/et_pb_column][\/et_pb_row][\/et_pb_section]<\/p>\n","protected":false},"excerpt":{"rendered":"<p>GEMEINSAM GROSSE IDEEN ENTWICKELNdie mehr k\u00f6nnen als nur einpackenMeine Leidenschaft f\u00fcr Verpackungsdesign ist, das es mehr leistet als nur zu sch\u00fctzen. Ich gestalte Verpackungen, um Geschichten zu erz\u00e4hlen, Emotionen zu wecken und Markenidentit\u00e4t sichtbar zu machen. Bereit f\u00fcr ein Design, das Ihre Marke zum Strahlen bringt?Lassen Sie uns gemeinsam eine Verpackung entwickeln, die nicht nur [&hellip;]<\/p>\n","protected":false},"author":1,"featured_media":0,"parent":0,"menu_order":0,"comment_status":"closed","ping_status":"closed","template":"","meta":{"_et_pb_use_builder":"on","_et_pb_old_content":"","_et_gb_content_width":"","footnotes":""},"class_list":["post-1204","page","type-page","status-publish","hentry"],"_links":{"self":[{"href":"https:\/\/frankblauth.de\/index.php?rest_route=\/wp\/v2\/pages\/1204","targetHints":{"allow":["GET"]}}],"collection":[{"href":"https:\/\/frankblauth.de\/index.php?rest_route=\/wp\/v2\/pages"}],"about":[{"href":"https:\/\/frankblauth.de\/index.php?rest_route=\/wp\/v2\/types\/page"}],"author":[{"embeddable":true,"href":"https:\/\/frankblauth.de\/index.php?rest_route=\/wp\/v2\/users\/1"}],"replies":[{"embeddable":true,"href":"https:\/\/frankblauth.de\/index.php?rest_route=%2Fwp%2Fv2%2Fcomments&post=1204"}],"version-history":[{"count":10,"href":"https:\/\/frankblauth.de\/index.php?rest_route=\/wp\/v2\/pages\/1204\/revisions"}],"predecessor-version":[{"id":1913,"href":"https:\/\/frankblauth.de\/index.php?rest_route=\/wp\/v2\/pages\/1204\/revisions\/1913"}],"wp:attachment":[{"href":"https:\/\/frankblauth.de\/index.php?rest_route=%2Fwp%2Fv2%2Fmedia&parent=1204"}],"curies":[{"name":"wp","href":"https:\/\/api.w.org\/{rel}","templated":true}]}}